{"id":169,"date":"2025-01-14T20:12:46","date_gmt":"2025-01-14T19:12:46","guid":{"rendered":"https:\/\/amlzi.com\/?page_id=169"},"modified":"2025-01-14T20:22:52","modified_gmt":"2025-01-14T19:22:52","slug":"services","status":"publish","type":"page","link":"https:\/\/amlzi.com\/?page_id=169","title":{"rendered":"Services"},"content":{"rendered":"\n<p>Notre cabinet a \u00e9t\u00e9 cr\u00e9\u00e9 en 2007 sous plusieurs structures et se distingue aujourd\u2019hui par sa capacit\u00e9 \u00e0 int\u00e9grer\u00a0 l\u2019ensemble des services de l\u2019expertise comptable \u00e0 travers des plateformes collaboratives modernes et s\u00e9curis\u00e9s.<\/p>\n\n\n\n<div class=\"wp-block-group alignfull is-layout-constrained wp-block-group-is-layout-constrained\" style=\"margin-top:0px;margin-bottom:0px;padding-top:64px;padding-bottom:64px\">\n<div class=\"wp-block-columns alignwide is-layout-flex wp-container-core-columns-is-layout-28f84493 wp-block-columns-is-layout-flex\">\n<div class=\"wp-block-column is-layout-flow wp-block-column-is-layout-flow\">\n<figure class=\"wp-block-image size-full\"><img loading=\"lazy\" decoding=\"async\" width=\"562\" height=\"375\" src=\"https:\/\/amlzi.com\/wp-content\/uploads\/2023\/09\/img3.jpg\" alt=\"\" class=\"wp-image-33\" srcset=\"https:\/\/amlzi.com\/wp-content\/uploads\/2023\/09\/img3.jpg 562w, https:\/\/amlzi.com\/wp-content\/uploads\/2023\/09\/img3-300x200.jpg 300w\" sizes=\"auto, (max-width: 562px) 100vw, 562px\" \/><\/figure>\n\n\n\n<h3 class=\"wp-block-heading\">Outsourcing &amp; Tax<\/h3>\n\n\n\n<p>Comptabilit\u00e9, paie, gestion administrative et fiscalit\u00e9 Inventaires, \u00e9tudes et accompagnement ERP<\/p>\n<\/div>\n\n\n\n<div class=\"wp-block-column is-layout-flow wp-block-column-is-layout-flow\">\n<figure class=\"wp-block-image size-full\"><img loading=\"lazy\" decoding=\"async\" width=\"562\" height=\"375\" src=\"https:\/\/amlzi.com\/wp-content\/uploads\/2023\/09\/img2.jpg\" alt=\"\" class=\"wp-image-34\" srcset=\"https:\/\/amlzi.com\/wp-content\/uploads\/2023\/09\/img2.jpg 562w, https:\/\/amlzi.com\/wp-content\/uploads\/2023\/09\/img2-300x200.jpg 300w\" sizes=\"auto, (max-width: 562px) 100vw, 562px\" \/><\/figure>\n\n\n\n<h3 class=\"wp-block-heading\">Audit &amp; Consulting<\/h3>\n\n\n\n<p>Audit financier &amp; Commissariat aux comptes, Consolidation, Fusion, IFRS, M&amp;A<\/p>\n<\/div>\n\n\n\n<div class=\"wp-block-column is-layout-flow wp-block-column-is-layout-flow\">\n<figure class=\"wp-block-image size-large is-resized size-full wp-duotone-unset-1\"><img loading=\"lazy\" decoding=\"async\" width=\"1024\" height=\"678\" src=\"https:\/\/amlzi.com\/wp-content\/uploads\/2023\/09\/pexels-pixabay-417430-1024x678.jpg\" alt=\"\" class=\"wp-image-41\" style=\"width:361px;height:202px\" srcset=\"https:\/\/amlzi.com\/wp-content\/uploads\/2023\/09\/pexels-pixabay-417430-1024x678.jpg 1024w, https:\/\/amlzi.com\/wp-content\/uploads\/2023\/09\/pexels-pixabay-417430-300x199.jpg 300w, https:\/\/amlzi.com\/wp-content\/uploads\/2023\/09\/pexels-pixabay-417430-768x509.jpg 768w, https:\/\/amlzi.com\/wp-content\/uploads\/2023\/09\/pexels-pixabay-417430-1536x1018.jpg 1536w, https:\/\/amlzi.com\/wp-content\/uploads\/2023\/09\/pexels-pixabay-417430.jpg 1920w\" sizes=\"auto, (max-width: 1024px) 100vw, 1024px\" \/><\/figure>\n\n\n\n<h3 class=\"wp-block-heading\">Domiciliation<\/h3>\n\n\n\n<p>Dans le cadre des services outsourcing, nous proposons aussi la domiciliation afin de b\u00e9n\u00e9ficier d\u2019un service int\u00e9gr\u00e9<\/p>\n<\/div>\n<\/div>\n<\/div>\n\n\n","protected":false},"excerpt":{"rendered":"<p>Notre cabinet a \u00e9t\u00e9 cr\u00e9\u00e9 en 2007 sous plusieurs structures et se distingue aujourd\u2019hui par sa capacit\u00e9 \u00e0 int\u00e9grer\u00a0 l\u2019ensemble des services de l\u2019expertise comptable \u00e0 travers des plateformes collaboratives modernes et s\u00e9curis\u00e9s.<\/p>\n","protected":false},"author":1,"featured_media":0,"parent":0,"menu_order":0,"comment_status":"closed","ping_status":"closed","template":"","meta":{"footnotes":""},"class_list":["post-169","page","type-page","status-publish","hentry"],"_links":{"self":[{"href":"https:\/\/amlzi.com\/index.php?rest_route=\/wp\/v2\/pages\/169","targetHints":{"allow":["GET"]}}],"collection":[{"href":"https:\/\/amlzi.com\/index.php?rest_route=\/wp\/v2\/pages"}],"about":[{"href":"https:\/\/amlzi.com\/index.php?rest_route=\/wp\/v2\/types\/page"}],"author":[{"embeddable":true,"href":"https:\/\/amlzi.com\/index.php?rest_route=\/wp\/v2\/users\/1"}],"replies":[{"embeddable":true,"href":"https:\/\/amlzi.com\/index.php?rest_route=%2Fwp%2Fv2%2Fcomments&post=169"}],"version-history":[{"count":3,"href":"https:\/\/amlzi.com\/index.php?rest_route=\/wp\/v2\/pages\/169\/revisions"}],"predecessor-version":[{"id":178,"href":"https:\/\/amlzi.com\/index.php?rest_route=\/wp\/v2\/pages\/169\/revisions\/178"}],"wp:attachment":[{"href":"https:\/\/amlzi.com\/index.php?rest_route=%2Fwp%2Fv2%2Fmedia&parent=169"}],"curies":[{"name":"wp","href":"https:\/\/api.w.org\/{rel}","templated":true}]}}