{"id":94,"date":"2023-09-12T21:33:57","date_gmt":"2023-09-12T21:33:57","guid":{"rendered":"https:\/\/amlzi.com\/?page_id=94"},"modified":"2025-01-14T19:48:13","modified_gmt":"2025-01-14T18:48:13","slug":"contact","status":"publish","type":"page","link":"https:\/\/amlzi.com\/?page_id=94","title":{"rendered":"Contacts :"},"content":{"rendered":"\n<p><mark style=\"background-color:rgba(0, 0, 0, 0)\" class=\"has-inline-color has-raft-accent-color\">Coordonn\u00e9es :<\/mark><\/p>\n\n\n\n<p>T\u00e9l\u00e9phone: 023 67 66 67<\/p>\n\n\n\n<p>T\u00e9l\u00e9phone :0770 86 44 50<\/p>\n\n\n\n<p>Email: contact@amlzi.com<\/p>\n","protected":false},"excerpt":{"rendered":"<p>Coordonn\u00e9es : T\u00e9l\u00e9phone: 023 67 66 67 T\u00e9l\u00e9phone :0770 86 44 50 Email: contact@amlzi.com<\/p>\n","protected":false},"author":1,"featured_media":0,"parent":0,"menu_order":0,"comment_status":"closed","ping_status":"closed","template":"","meta":{"footnotes":""},"class_list":["post-94","page","type-page","status-publish","hentry"],"_links":{"self":[{"href":"https:\/\/amlzi.com\/index.php?rest_route=\/wp\/v2\/pages\/94","targetHints":{"allow":["GET"]}}],"collection":[{"href":"https:\/\/amlzi.com\/index.php?rest_route=\/wp\/v2\/pages"}],"about":[{"href":"https:\/\/amlzi.com\/index.php?rest_route=\/wp\/v2\/types\/page"}],"author":[{"embeddable":true,"href":"https:\/\/amlzi.com\/index.php?rest_route=\/wp\/v2\/users\/1"}],"replies":[{"embeddable":true,"href":"https:\/\/amlzi.com\/index.php?rest_route=%2Fwp%2Fv2%2Fcomments&post=94"}],"version-history":[{"count":5,"href":"https:\/\/amlzi.com\/index.php?rest_route=\/wp\/v2\/pages\/94\/revisions"}],"predecessor-version":[{"id":166,"href":"https:\/\/amlzi.com\/index.php?rest_route=\/wp\/v2\/pages\/94\/revisions\/166"}],"wp:attachment":[{"href":"https:\/\/amlzi.com\/index.php?rest_route=%2Fwp%2Fv2%2Fmedia&parent=94"}],"curies":[{"name":"wp","href":"https:\/\/api.w.org\/{rel}","templated":true}]}}